{"id":82,"date":"2025-11-10T19:17:58","date_gmt":"2025-11-10T19:17:58","guid":{"rendered":"http:\/\/31.217.196.118\/~uawuljnf\/?page_id=82"},"modified":"2025-12-22T21:40:37","modified_gmt":"2025-12-22T21:40:37","slug":"osakkeet","status":"publish","type":"page","link":"https:\/\/ronnynranta.fi\/index.php\/osakkeet\/","title":{"rendered":"OSAKKUUS"},"content":{"rendered":"<h2 data-start=\"66\" data-end=\"119\"><strong data-start=\"69\" data-end=\"119\">Tervetuloa R\u00f6nnynrannan omistajaksi<\/strong><\/h2>\n<p data-start=\"121\" data-end=\"226\">Hanki oma aikaosuus Kiinteist\u00f6 Oy R\u00f6nnynrannasta ja nauti helposta lomailusta juuri silloin kun sinulle sopii.<\/p>\n<p data-start=\"228\" data-end=\"477\">Yksi aikaosuus vastaa yht\u00e4 majoitusvuorokautta kalenterivuodessa, ja suositeltu minimi on <strong data-start=\"313\" data-end=\"330\">7 aikaosuutta<\/strong>. Aikaosuuksilla majoitut joustavasti \u2013 et ole sidottu tiettyyn viikkoon, vaan voit varata silloin kun vapaita majoituspaikkoja on saatavilla. Voit my\u00f6s k\u00e4ytt\u00e4\u00e4 osuutesi haluamissasi jaksoissa. Jos majoitut sesongin ulkopuolella, yksi aikaosuus oikeuttaa 3:n p\u00e4iv\u00e4n majoitukseen.<\/p>\n<p data-start=\"479\" data-end=\"642\">Toteutuneelta majoituskerralta maksat vain siivousmaksun.\u00a0 Vuotuinen hoitovastike maksetaan aikaosuuksien mukaan. Ei yll\u00e4tyskuluja, ei turhaa s\u00e4\u00e4t\u00f6\u00e4 \u2013 vain huolettomia hetki\u00e4 R\u00f6nnynrannassa.<\/p>\n<p data-start=\"644\" data-end=\"783\"><strong data-start=\"644\" data-end=\"783\">Tutustu tarkemmin R\u00f6nnynrannan ainutlaatuiseen tarjontaan ja tule osaksi yhteis\u00f6\u00e4, jossa lomailu on ennen kaikkea vaivatonta nautintoa.<\/strong><\/p>\n\n\n<p>Tiedustele aikaosuuksista<\/p>\n\n\n\n<p>044 4401110\/ Jorma R\u00f6pp\u00e4nen tai<\/p>\n\n\n\n<p>viestit@ronnynranta.fi<\/p>\n\n\n\n<p><\/p>\n","protected":false},"excerpt":{"rendered":"<p>Tervetuloa R\u00f6nnynrannan omistajaksi Hanki oma aikaosuus Kiinteist\u00f6 Oy R\u00f6nnynrannasta ja nauti helposta lomailusta juuri silloin kun sinulle sopii. Yksi aikaosuus vastaa yht\u00e4 majoitusvuorokautta kalenterivuodessa, ja suositeltu minimi on 7 aikaosuutta. Aikaosuuksilla majoitut joustavasti \u2013 et ole sidottu tiettyyn viikkoon, vaan voit varata silloin kun vapaita majoituspaikkoja on saatavilla. Voit my\u00f6s k\u00e4ytt\u00e4\u00e4 osuutesi haluamissasi jaksoissa. Jos [&hellip;]<\/p>\n","protected":false},"author":1,"featured_media":0,"parent":0,"menu_order":0,"comment_status":"closed","ping_status":"closed","template":"","meta":{"_acf_changed":false,"footnotes":""},"class_list":["post-82","page","type-page","status-publish","hentry","post"],"acf":[],"yoast_head":"<!-- This site is optimized with the Yoast SEO plugin v27.5 - https:\/\/yoast.com\/product\/yoast-seo-wordpress\/ -->\n<title>OSAKKUUS - R&ouml;nnynranta<\/title>\n<meta name=\"robots\" content=\"index, follow, max-snippet:-1, max-image-preview:large, max-video-preview:-1\" \/>\n<link rel=\"canonical\" href=\"https:\/\/ronnynranta.fi\/index.php\/osakkeet\/\" \/>\n<meta property=\"og:locale\" content=\"fi_FI\" \/>\n<meta property=\"og:type\" content=\"article\" \/>\n<meta property=\"og:title\" content=\"OSAKKUUS - R&ouml;nnynranta\" \/>\n<meta property=\"og:description\" content=\"Tervetuloa R\u00f6nnynrannan omistajaksi Hanki oma aikaosuus Kiinteist\u00f6 Oy R\u00f6nnynrannasta ja nauti helposta lomailusta juuri silloin kun sinulle sopii. Yksi aikaosuus vastaa yht\u00e4 majoitusvuorokautta kalenterivuodessa, ja suositeltu minimi on 7 aikaosuutta. Aikaosuuksilla majoitut joustavasti \u2013 et ole sidottu tiettyyn viikkoon, vaan voit varata silloin kun vapaita majoituspaikkoja on saatavilla. Voit my\u00f6s k\u00e4ytt\u00e4\u00e4 osuutesi haluamissasi jaksoissa. Jos [&hellip;]\" \/>\n<meta property=\"og:url\" content=\"https:\/\/ronnynranta.fi\/index.php\/osakkeet\/\" \/>\n<meta property=\"og:site_name\" content=\"R&ouml;nnynranta\" \/>\n<meta property=\"article:modified_time\" content=\"2025-12-22T21:40:37+00:00\" \/>\n<meta name=\"twitter:card\" content=\"summary_large_image\" \/>\n<meta name=\"twitter:label1\" content=\"Arvioitu lukuaika\" \/>\n\t<meta name=\"twitter:data1\" content=\"1 minuutti\" \/>\n<script type=\"application\/ld+json\" class=\"yoast-schema-graph\">{\"@context\":\"https:\\\/\\\/schema.org\",\"@graph\":[{\"@type\":\"WebPage\",\"@id\":\"https:\\\/\\\/ronnynranta.fi\\\/index.php\\\/osakkeet\\\/\",\"url\":\"https:\\\/\\\/ronnynranta.fi\\\/index.php\\\/osakkeet\\\/\",\"name\":\"OSAKKUUS - R&ouml;nnynranta\",\"isPartOf\":{\"@id\":\"https:\\\/\\\/ronnynranta.fi\\\/#website\"},\"datePublished\":\"2025-11-10T19:17:58+00:00\",\"dateModified\":\"2025-12-22T21:40:37+00:00\",\"breadcrumb\":{\"@id\":\"https:\\\/\\\/ronnynranta.fi\\\/index.php\\\/osakkeet\\\/#breadcrumb\"},\"inLanguage\":\"fi\",\"potentialAction\":[{\"@type\":\"ReadAction\",\"target\":[\"https:\\\/\\\/ronnynranta.fi\\\/index.php\\\/osakkeet\\\/\"]}]},{\"@type\":\"BreadcrumbList\",\"@id\":\"https:\\\/\\\/ronnynranta.fi\\\/index.php\\\/osakkeet\\\/#breadcrumb\",\"itemListElement\":[{\"@type\":\"ListItem\",\"position\":1,\"name\":\"Home\",\"item\":\"https:\\\/\\\/ronnynranta.fi\\\/\"},{\"@type\":\"ListItem\",\"position\":2,\"name\":\"OSAKKUUS\"}]},{\"@type\":\"WebSite\",\"@id\":\"https:\\\/\\\/ronnynranta.fi\\\/#website\",\"url\":\"https:\\\/\\\/ronnynranta.fi\\\/\",\"name\":\"R&ouml;nnynranta\",\"description\":\"\",\"potentialAction\":[{\"@type\":\"SearchAction\",\"target\":{\"@type\":\"EntryPoint\",\"urlTemplate\":\"https:\\\/\\\/ronnynranta.fi\\\/?s={search_term_string}\"},\"query-input\":{\"@type\":\"PropertyValueSpecification\",\"valueRequired\":true,\"valueName\":\"search_term_string\"}}],\"inLanguage\":\"fi\"}]}<\/script>\n<!-- \/ Yoast SEO plugin. -->","yoast_head_json":{"title":"OSAKKUUS - R&ouml;nnynranta","robots":{"index":"index","follow":"follow","max-snippet":"max-snippet:-1","max-image-preview":"max-image-preview:large","max-video-preview":"max-video-preview:-1"},"canonical":"https:\/\/ronnynranta.fi\/index.php\/osakkeet\/","og_locale":"fi_FI","og_type":"article","og_title":"OSAKKUUS - R&ouml;nnynranta","og_description":"Tervetuloa R\u00f6nnynrannan omistajaksi Hanki oma aikaosuus Kiinteist\u00f6 Oy R\u00f6nnynrannasta ja nauti helposta lomailusta juuri silloin kun sinulle sopii. Yksi aikaosuus vastaa yht\u00e4 majoitusvuorokautta kalenterivuodessa, ja suositeltu minimi on 7 aikaosuutta. Aikaosuuksilla majoitut joustavasti \u2013 et ole sidottu tiettyyn viikkoon, vaan voit varata silloin kun vapaita majoituspaikkoja on saatavilla. Voit my\u00f6s k\u00e4ytt\u00e4\u00e4 osuutesi haluamissasi jaksoissa. Jos [&hellip;]","og_url":"https:\/\/ronnynranta.fi\/index.php\/osakkeet\/","og_site_name":"R&ouml;nnynranta","article_modified_time":"2025-12-22T21:40:37+00:00","twitter_card":"summary_large_image","twitter_misc":{"Arvioitu lukuaika":"1 minuutti"},"schema":{"@context":"https:\/\/schema.org","@graph":[{"@type":"WebPage","@id":"https:\/\/ronnynranta.fi\/index.php\/osakkeet\/","url":"https:\/\/ronnynranta.fi\/index.php\/osakkeet\/","name":"OSAKKUUS - R&ouml;nnynranta","isPartOf":{"@id":"https:\/\/ronnynranta.fi\/#website"},"datePublished":"2025-11-10T19:17:58+00:00","dateModified":"2025-12-22T21:40:37+00:00","breadcrumb":{"@id":"https:\/\/ronnynranta.fi\/index.php\/osakkeet\/#breadcrumb"},"inLanguage":"fi","potentialAction":[{"@type":"ReadAction","target":["https:\/\/ronnynranta.fi\/index.php\/osakkeet\/"]}]},{"@type":"BreadcrumbList","@id":"https:\/\/ronnynranta.fi\/index.php\/osakkeet\/#breadcrumb","itemListElement":[{"@type":"ListItem","position":1,"name":"Home","item":"https:\/\/ronnynranta.fi\/"},{"@type":"ListItem","position":2,"name":"OSAKKUUS"}]},{"@type":"WebSite","@id":"https:\/\/ronnynranta.fi\/#website","url":"https:\/\/ronnynranta.fi\/","name":"R&ouml;nnynranta","description":"","potentialAction":[{"@type":"SearchAction","target":{"@type":"EntryPoint","urlTemplate":"https:\/\/ronnynranta.fi\/?s={search_term_string}"},"query-input":{"@type":"PropertyValueSpecification","valueRequired":true,"valueName":"search_term_string"}}],"inLanguage":"fi"}]}},"_links":{"self":[{"href":"https:\/\/ronnynranta.fi\/index.php\/wp-json\/wp\/v2\/pages\/82","targetHints":{"allow":["GET"]}}],"collection":[{"href":"https:\/\/ronnynranta.fi\/index.php\/wp-json\/wp\/v2\/pages"}],"about":[{"href":"https:\/\/ronnynranta.fi\/index.php\/wp-json\/wp\/v2\/types\/page"}],"author":[{"embeddable":true,"href":"https:\/\/ronnynranta.fi\/index.php\/wp-json\/wp\/v2\/users\/1"}],"replies":[{"embeddable":true,"href":"https:\/\/ronnynranta.fi\/index.php\/wp-json\/wp\/v2\/comments?post=82"}],"version-history":[{"count":10,"href":"https:\/\/ronnynranta.fi\/index.php\/wp-json\/wp\/v2\/pages\/82\/revisions"}],"predecessor-version":[{"id":652,"href":"https:\/\/ronnynranta.fi\/index.php\/wp-json\/wp\/v2\/pages\/82\/revisions\/652"}],"wp:attachment":[{"href":"https:\/\/ronnynranta.fi\/index.php\/wp-json\/wp\/v2\/media?parent=82"}],"curies":[{"name":"wp","href":"https:\/\/api.w.org\/{rel}","templated":true}]}}