{"id":635,"date":"2025-12-19T18:16:45","date_gmt":"2025-12-19T18:16:45","guid":{"rendered":"https:\/\/ronnynranta.fi\/?page_id=635"},"modified":"2025-12-19T18:39:25","modified_gmt":"2025-12-19T18:39:25","slug":"ehdotetut-huoneet","status":"publish","type":"page","link":"https:\/\/ronnynranta.fi\/index.php\/ehdotetut-huoneet\/","title":{"rendered":"Ehdotetut huoneet"},"content":{"rendered":"<p>&lt;h2&gt;Kuusamo&lt;\/h2&gt;<br \/>\n<div class=\"mphb_sc_search_results-wrapper \"><div class=\"mphb-errors-wrapper\">\n\t<\/div>\n<\/div><\/p>\n<p>&lt;h2&gt;Perhe&lt;\/h2&gt;<br \/>\n<div class=\"mphb_sc_search_results-wrapper \"><div class=\"mphb-errors-wrapper\">\n\t<\/div>\n<\/div><\/p>\n<p>&lt;h2&gt;Viipus&lt;\/h2&gt;<br \/>\n<div class=\"mphb_sc_search_results-wrapper \"><div class=\"mphb-errors-wrapper\">\n\t<\/div>\n<\/div><\/p>\n<p>&lt;h2&gt;Uusipuoli&lt;\/h2&gt;<br \/>\n<div class=\"mphb_sc_search_results-wrapper \"><div class=\"mphb-errors-wrapper\">\n\t<\/div>\n<\/div><\/p>\n<p>&lt;h2&gt;Er\u00e4k\u00e4mpp\u00e4&lt;\/h2&gt;<br \/>\n<div class=\"mphb_sc_search_results-wrapper \"><div class=\"mphb-errors-wrapper\">\n\t<\/div>\n<\/div><\/p>\n","protected":false},"excerpt":{"rendered":"<p>&lt;h2&gt;Kuusamo&lt;\/h2&gt; &lt;h2&gt;Perhe&lt;\/h2&gt; &lt;h2&gt;Viipus&lt;\/h2&gt; &lt;h2&gt;Uusipuoli&lt;\/h2&gt; &lt;h2&gt;Er\u00e4k\u00e4mpp\u00e4&lt;\/h2&gt;<\/p>\n","protected":false},"author":1,"featured_media":0,"parent":0,"menu_order":0,"comment_status":"closed","ping_status":"closed","template":"","meta":{"_acf_changed":false,"footnotes":""},"class_list":["post-635","page","type-page","status-publish","hentry","post"],"acf":[],"yoast_head":"<!-- This site is optimized with the Yoast SEO plugin v27.5 - https:\/\/yoast.com\/product\/yoast-seo-wordpress\/ -->\n<title>Ehdotetut huoneet - R&ouml;nnynranta<\/title>\n<meta name=\"robots\" content=\"index, follow, max-snippet:-1, max-image-preview:large, max-video-preview:-1\" \/>\n<link rel=\"canonical\" href=\"https:\/\/ronnynranta.fi\/index.php\/ehdotetut-huoneet\/\" \/>\n<meta property=\"og:locale\" content=\"fi_FI\" \/>\n<meta property=\"og:type\" content=\"article\" \/>\n<meta property=\"og:title\" content=\"Ehdotetut huoneet - R&ouml;nnynranta\" \/>\n<meta property=\"og:description\" content=\"&lt;h2&gt;Kuusamo&lt;\/h2&gt; &lt;h2&gt;Perhe&lt;\/h2&gt; &lt;h2&gt;Viipus&lt;\/h2&gt; &lt;h2&gt;Uusipuoli&lt;\/h2&gt; &lt;h2&gt;Er\u00e4k\u00e4mpp\u00e4&lt;\/h2&gt;\" \/>\n<meta property=\"og:url\" content=\"https:\/\/ronnynranta.fi\/index.php\/ehdotetut-huoneet\/\" \/>\n<meta property=\"og:site_name\" content=\"R&ouml;nnynranta\" \/>\n<meta property=\"article:modified_time\" content=\"2025-12-19T18:39:25+00:00\" \/>\n<meta name=\"twitter:card\" content=\"summary_large_image\" \/>\n<meta name=\"twitter:label1\" content=\"Arvioitu lukuaika\" \/>\n\t<meta name=\"twitter:data1\" content=\"1 minuutti\" \/>\n<script type=\"application\/ld+json\" class=\"yoast-schema-graph\">{\"@context\":\"https:\\\/\\\/schema.org\",\"@graph\":[{\"@type\":\"WebPage\",\"@id\":\"https:\\\/\\\/ronnynranta.fi\\\/index.php\\\/ehdotetut-huoneet\\\/\",\"url\":\"https:\\\/\\\/ronnynranta.fi\\\/index.php\\\/ehdotetut-huoneet\\\/\",\"name\":\"Ehdotetut huoneet - R&ouml;nnynranta\",\"isPartOf\":{\"@id\":\"https:\\\/\\\/ronnynranta.fi\\\/#website\"},\"datePublished\":\"2025-12-19T18:16:45+00:00\",\"dateModified\":\"2025-12-19T18:39:25+00:00\",\"breadcrumb\":{\"@id\":\"https:\\\/\\\/ronnynranta.fi\\\/index.php\\\/ehdotetut-huoneet\\\/#breadcrumb\"},\"inLanguage\":\"fi\",\"potentialAction\":[{\"@type\":\"ReadAction\",\"target\":[\"https:\\\/\\\/ronnynranta.fi\\\/index.php\\\/ehdotetut-huoneet\\\/\"]}]},{\"@type\":\"BreadcrumbList\",\"@id\":\"https:\\\/\\\/ronnynranta.fi\\\/index.php\\\/ehdotetut-huoneet\\\/#breadcrumb\",\"itemListElement\":[{\"@type\":\"ListItem\",\"position\":1,\"name\":\"Home\",\"item\":\"https:\\\/\\\/ronnynranta.fi\\\/\"},{\"@type\":\"ListItem\",\"position\":2,\"name\":\"Ehdotetut huoneet\"}]},{\"@type\":\"WebSite\",\"@id\":\"https:\\\/\\\/ronnynranta.fi\\\/#website\",\"url\":\"https:\\\/\\\/ronnynranta.fi\\\/\",\"name\":\"R&ouml;nnynranta\",\"description\":\"\",\"potentialAction\":[{\"@type\":\"SearchAction\",\"target\":{\"@type\":\"EntryPoint\",\"urlTemplate\":\"https:\\\/\\\/ronnynranta.fi\\\/?s={search_term_string}\"},\"query-input\":{\"@type\":\"PropertyValueSpecification\",\"valueRequired\":true,\"valueName\":\"search_term_string\"}}],\"inLanguage\":\"fi\"}]}<\/script>\n<!-- \/ Yoast SEO plugin. -->","yoast_head_json":{"title":"Ehdotetut huoneet - R&ouml;nnynranta","robots":{"index":"index","follow":"follow","max-snippet":"max-snippet:-1","max-image-preview":"max-image-preview:large","max-video-preview":"max-video-preview:-1"},"canonical":"https:\/\/ronnynranta.fi\/index.php\/ehdotetut-huoneet\/","og_locale":"fi_FI","og_type":"article","og_title":"Ehdotetut huoneet - R&ouml;nnynranta","og_description":"&lt;h2&gt;Kuusamo&lt;\/h2&gt; &lt;h2&gt;Perhe&lt;\/h2&gt; &lt;h2&gt;Viipus&lt;\/h2&gt; &lt;h2&gt;Uusipuoli&lt;\/h2&gt; &lt;h2&gt;Er\u00e4k\u00e4mpp\u00e4&lt;\/h2&gt;","og_url":"https:\/\/ronnynranta.fi\/index.php\/ehdotetut-huoneet\/","og_site_name":"R&ouml;nnynranta","article_modified_time":"2025-12-19T18:39:25+00:00","twitter_card":"summary_large_image","twitter_misc":{"Arvioitu lukuaika":"1 minuutti"},"schema":{"@context":"https:\/\/schema.org","@graph":[{"@type":"WebPage","@id":"https:\/\/ronnynranta.fi\/index.php\/ehdotetut-huoneet\/","url":"https:\/\/ronnynranta.fi\/index.php\/ehdotetut-huoneet\/","name":"Ehdotetut huoneet - R&ouml;nnynranta","isPartOf":{"@id":"https:\/\/ronnynranta.fi\/#website"},"datePublished":"2025-12-19T18:16:45+00:00","dateModified":"2025-12-19T18:39:25+00:00","breadcrumb":{"@id":"https:\/\/ronnynranta.fi\/index.php\/ehdotetut-huoneet\/#breadcrumb"},"inLanguage":"fi","potentialAction":[{"@type":"ReadAction","target":["https:\/\/ronnynranta.fi\/index.php\/ehdotetut-huoneet\/"]}]},{"@type":"BreadcrumbList","@id":"https:\/\/ronnynranta.fi\/index.php\/ehdotetut-huoneet\/#breadcrumb","itemListElement":[{"@type":"ListItem","position":1,"name":"Home","item":"https:\/\/ronnynranta.fi\/"},{"@type":"ListItem","position":2,"name":"Ehdotetut huoneet"}]},{"@type":"WebSite","@id":"https:\/\/ronnynranta.fi\/#website","url":"https:\/\/ronnynranta.fi\/","name":"R&ouml;nnynranta","description":"","potentialAction":[{"@type":"SearchAction","target":{"@type":"EntryPoint","urlTemplate":"https:\/\/ronnynranta.fi\/?s={search_term_string}"},"query-input":{"@type":"PropertyValueSpecification","valueRequired":true,"valueName":"search_term_string"}}],"inLanguage":"fi"}]}},"_links":{"self":[{"href":"https:\/\/ronnynranta.fi\/index.php\/wp-json\/wp\/v2\/pages\/635","targetHints":{"allow":["GET"]}}],"collection":[{"href":"https:\/\/ronnynranta.fi\/index.php\/wp-json\/wp\/v2\/pages"}],"about":[{"href":"https:\/\/ronnynranta.fi\/index.php\/wp-json\/wp\/v2\/types\/page"}],"author":[{"embeddable":true,"href":"https:\/\/ronnynranta.fi\/index.php\/wp-json\/wp\/v2\/users\/1"}],"replies":[{"embeddable":true,"href":"https:\/\/ronnynranta.fi\/index.php\/wp-json\/wp\/v2\/comments?post=635"}],"version-history":[{"count":3,"href":"https:\/\/ronnynranta.fi\/index.php\/wp-json\/wp\/v2\/pages\/635\/revisions"}],"predecessor-version":[{"id":647,"href":"https:\/\/ronnynranta.fi\/index.php\/wp-json\/wp\/v2\/pages\/635\/revisions\/647"}],"wp:attachment":[{"href":"https:\/\/ronnynranta.fi\/index.php\/wp-json\/wp\/v2\/media?parent=635"}],"curies":[{"name":"wp","href":"https:\/\/api.w.org\/{rel}","templated":true}]}}