{"id":22,"date":"2025-11-07T12:56:22","date_gmt":"2025-11-07T12:56:22","guid":{"rendered":"http:\/\/31.217.196.118\/~uawuljnf\/?page_id=22"},"modified":"2025-12-03T19:09:25","modified_gmt":"2025-12-03T19:09:25","slug":"lomakeidas-ronnynranta-2","status":"publish","type":"page","link":"https:\/\/ronnynranta.fi\/","title":{"rendered":"TIETOJA R\u00d6NNYNRANNASTA"},"content":{"rendered":"\n<p><strong>Lomapaikka Kuusamossa Yli-Kitkan rannalla<\/strong><\/p>\n\n\n\n<p>R\u00f6nnynrannan vapaa-ajankeskuksen historia alkoi vuonna 1951, jolloin p\u00e4\u00e4rakennus valmistui Kes\u00e4niemen kansakouluksi. Vuonna 1974 kiinteist\u00f6 muutettiin palvelemaan vapaa-ajan asumista ja siihen rakennettiin 11 makuuhuonetta.<\/p>\n\n\n\n<p>Kiinteist\u00f6 sijaitsee omalla 6,8 hehtaarin Yli-kitkaj\u00e4rven rantatontilla. Omaa rantaviivaa on yli sata metri\u00e4. Ymp\u00e4rill\u00e4 on huikeat maisemat ja Riisitunturi siint\u00e4\u00e4 j\u00e4rven toisella puolella.<\/p>\n\n\n\n<p class=\"has-text-align-left\">Rakennuksen pinta-ala on 620 m<sup>2<\/sup> ja majoitustiloja jopa 55 hengelle. Asuinhuoneiden lis\u00e4ksi p\u00e4\u00e4rakennuksessa on oleskelutila, luento\/liikuntasali, ruokasali sek\u00e4 saunaosasto kelohonkaisine takkahuoneineen.  Pihapiiriss\u00e4 on my\u00f6s kotasauna, tilava grillikota ja majoitusrakennus mets\u00e4st\u00e4jille ja h\u00e4kit mets\u00e4styskoirille.  Lapsille pihapiirist\u00e4 l\u00f6ytyy  kiipeilytelineet ja palloilukentt\u00e4.<\/p>\n\n\n\n<p class=\"has-text-align-left\">R\u00f6nnynranta on ihanteellinen lomanviettokohde  erilaisille ryhmille kuten lapsiperheille, rippileireille, leirikouluille ja er\u00e4nk\u00e4vij\u00f6ille. Yhteiset tilat tarjoavat mukavaa v\u00e4ljyytt\u00e4 m\u00f6kkimajoituksen ahtauden sijaan.<\/p>\n\n\n\n<p>Kuusamon alueen laajasta vapaa-ajan tarjonnasta on helppo l\u00f6yt\u00e4\u00e4 mieluista ajanvietett\u00e4. Ruka ja Kuusamon alueen hiihto- ja kelkkareitit kulkevat l\u00e4hell\u00e4. Rukan laskettelurinteille on matkaa n. 20 km.<\/p>\n\n\n\n<p><strong>Lis\u00e4tietoja:<\/strong><\/p>\n\n\n\n<div class=\"wp-block-group\"><div class=\"wp-block-group__inner-container is-layout-constrained wp-block-group-is-layout-constrained\">\n<p>Jorma R\u00f6pp\u00e4nen  044 4401110<br>viestit@ronnynranta.fi<\/p>\n\n\n\n<p><\/p>\n\n\n\n<p><\/p>\n\n\n\n<p><\/p>\n<\/div><\/div>\n\n\n\n<p><\/p>\n\n\n\n<p><\/p>\n\n\n\n<p><\/p>\n\n\n\n<p><\/p>\n","protected":false},"excerpt":{"rendered":"<p>Lomapaikka Kuusamossa Yli-Kitkan rannalla R\u00f6nnynrannan vapaa-ajankeskuksen historia alkoi vuonna 1951, jolloin p\u00e4\u00e4rakennus valmistui Kes\u00e4niemen kansakouluksi. Vuonna 1974 kiinteist\u00f6 muutettiin palvelemaan vapaa-ajan asumista ja siihen rakennettiin 11 makuuhuonetta. Kiinteist\u00f6 sijaitsee omalla 6,8 hehtaarin Yli-kitkaj\u00e4rven rantatontilla. Omaa rantaviivaa on yli sata metri\u00e4. Ymp\u00e4rill\u00e4 on huikeat maisemat ja Riisitunturi siint\u00e4\u00e4 j\u00e4rven toisella puolella. Rakennuksen pinta-ala on 620 m2 [&hellip;]<\/p>\n","protected":false},"author":1,"featured_media":0,"parent":0,"menu_order":0,"comment_status":"closed","ping_status":"closed","template":"","meta":{"_acf_changed":false,"footnotes":""},"class_list":["post-22","page","type-page","status-publish","hentry","post"],"acf":[],"yoast_head":"<!-- This site is optimized with the Yoast SEO plugin v27.3 - https:\/\/yoast.com\/product\/yoast-seo-wordpress\/ -->\n<title>TIETOJA R\u00d6NNYNRANNASTA - R&ouml;nnynranta<\/title>\n<meta name=\"robots\" content=\"index, follow, max-snippet:-1, max-image-preview:large, max-video-preview:-1\" \/>\n<link rel=\"canonical\" href=\"https:\/\/ronnynranta.fi\/\" \/>\n<meta property=\"og:locale\" content=\"fi_FI\" \/>\n<meta property=\"og:type\" content=\"article\" \/>\n<meta property=\"og:title\" content=\"TIETOJA R\u00d6NNYNRANNASTA - R&ouml;nnynranta\" \/>\n<meta property=\"og:description\" content=\"Lomapaikka Kuusamossa Yli-Kitkan rannalla R\u00f6nnynrannan vapaa-ajankeskuksen historia alkoi vuonna 1951, jolloin p\u00e4\u00e4rakennus valmistui Kes\u00e4niemen kansakouluksi. Vuonna 1974 kiinteist\u00f6 muutettiin palvelemaan vapaa-ajan asumista ja siihen rakennettiin 11 makuuhuonetta. Kiinteist\u00f6 sijaitsee omalla 6,8 hehtaarin Yli-kitkaj\u00e4rven rantatontilla. Omaa rantaviivaa on yli sata metri\u00e4. Ymp\u00e4rill\u00e4 on huikeat maisemat ja Riisitunturi siint\u00e4\u00e4 j\u00e4rven toisella puolella. Rakennuksen pinta-ala on 620 m2 [&hellip;]\" \/>\n<meta property=\"og:url\" content=\"https:\/\/ronnynranta.fi\/\" \/>\n<meta property=\"og:site_name\" content=\"R&ouml;nnynranta\" \/>\n<meta property=\"article:modified_time\" content=\"2025-12-03T19:09:25+00:00\" \/>\n<meta name=\"twitter:card\" content=\"summary_large_image\" \/>\n<meta name=\"twitter:label1\" content=\"Arvioitu lukuaika\" \/>\n\t<meta name=\"twitter:data1\" content=\"1 minuutti\" \/>\n<script type=\"application\/ld+json\" class=\"yoast-schema-graph\">{\"@context\":\"https:\\\/\\\/schema.org\",\"@graph\":[{\"@type\":\"WebPage\",\"@id\":\"https:\\\/\\\/ronnynranta.fi\\\/\",\"url\":\"https:\\\/\\\/ronnynranta.fi\\\/\",\"name\":\"TIETOJA R\u00d6NNYNRANNASTA - R&ouml;nnynranta\",\"isPartOf\":{\"@id\":\"https:\\\/\\\/ronnynranta.fi\\\/#website\"},\"datePublished\":\"2025-11-07T12:56:22+00:00\",\"dateModified\":\"2025-12-03T19:09:25+00:00\",\"breadcrumb\":{\"@id\":\"https:\\\/\\\/ronnynranta.fi\\\/#breadcrumb\"},\"inLanguage\":\"fi\",\"potentialAction\":[{\"@type\":\"ReadAction\",\"target\":[\"https:\\\/\\\/ronnynranta.fi\\\/\"]}]},{\"@type\":\"BreadcrumbList\",\"@id\":\"https:\\\/\\\/ronnynranta.fi\\\/#breadcrumb\",\"itemListElement\":[{\"@type\":\"ListItem\",\"position\":1,\"name\":\"Home\",\"item\":\"https:\\\/\\\/ronnynranta.fi\\\/\"},{\"@type\":\"ListItem\",\"position\":2,\"name\":\"TIETOJA R\u00d6NNYNRANNASTA\"}]},{\"@type\":\"WebSite\",\"@id\":\"https:\\\/\\\/ronnynranta.fi\\\/#website\",\"url\":\"https:\\\/\\\/ronnynranta.fi\\\/\",\"name\":\"R&ouml;nnynranta\",\"description\":\"\",\"potentialAction\":[{\"@type\":\"SearchAction\",\"target\":{\"@type\":\"EntryPoint\",\"urlTemplate\":\"https:\\\/\\\/ronnynranta.fi\\\/?s={search_term_string}\"},\"query-input\":{\"@type\":\"PropertyValueSpecification\",\"valueRequired\":true,\"valueName\":\"search_term_string\"}}],\"inLanguage\":\"fi\"}]}<\/script>\n<!-- \/ Yoast SEO plugin. -->","yoast_head_json":{"title":"TIETOJA R\u00d6NNYNRANNASTA - R&ouml;nnynranta","robots":{"index":"index","follow":"follow","max-snippet":"max-snippet:-1","max-image-preview":"max-image-preview:large","max-video-preview":"max-video-preview:-1"},"canonical":"https:\/\/ronnynranta.fi\/","og_locale":"fi_FI","og_type":"article","og_title":"TIETOJA R\u00d6NNYNRANNASTA - R&ouml;nnynranta","og_description":"Lomapaikka Kuusamossa Yli-Kitkan rannalla R\u00f6nnynrannan vapaa-ajankeskuksen historia alkoi vuonna 1951, jolloin p\u00e4\u00e4rakennus valmistui Kes\u00e4niemen kansakouluksi. Vuonna 1974 kiinteist\u00f6 muutettiin palvelemaan vapaa-ajan asumista ja siihen rakennettiin 11 makuuhuonetta. Kiinteist\u00f6 sijaitsee omalla 6,8 hehtaarin Yli-kitkaj\u00e4rven rantatontilla. Omaa rantaviivaa on yli sata metri\u00e4. Ymp\u00e4rill\u00e4 on huikeat maisemat ja Riisitunturi siint\u00e4\u00e4 j\u00e4rven toisella puolella. Rakennuksen pinta-ala on 620 m2 [&hellip;]","og_url":"https:\/\/ronnynranta.fi\/","og_site_name":"R&ouml;nnynranta","article_modified_time":"2025-12-03T19:09:25+00:00","twitter_card":"summary_large_image","twitter_misc":{"Arvioitu lukuaika":"1 minuutti"},"schema":{"@context":"https:\/\/schema.org","@graph":[{"@type":"WebPage","@id":"https:\/\/ronnynranta.fi\/","url":"https:\/\/ronnynranta.fi\/","name":"TIETOJA R\u00d6NNYNRANNASTA - R&ouml;nnynranta","isPartOf":{"@id":"https:\/\/ronnynranta.fi\/#website"},"datePublished":"2025-11-07T12:56:22+00:00","dateModified":"2025-12-03T19:09:25+00:00","breadcrumb":{"@id":"https:\/\/ronnynranta.fi\/#breadcrumb"},"inLanguage":"fi","potentialAction":[{"@type":"ReadAction","target":["https:\/\/ronnynranta.fi\/"]}]},{"@type":"BreadcrumbList","@id":"https:\/\/ronnynranta.fi\/#breadcrumb","itemListElement":[{"@type":"ListItem","position":1,"name":"Home","item":"https:\/\/ronnynranta.fi\/"},{"@type":"ListItem","position":2,"name":"TIETOJA R\u00d6NNYNRANNASTA"}]},{"@type":"WebSite","@id":"https:\/\/ronnynranta.fi\/#website","url":"https:\/\/ronnynranta.fi\/","name":"R&ouml;nnynranta","description":"","potentialAction":[{"@type":"SearchAction","target":{"@type":"EntryPoint","urlTemplate":"https:\/\/ronnynranta.fi\/?s={search_term_string}"},"query-input":{"@type":"PropertyValueSpecification","valueRequired":true,"valueName":"search_term_string"}}],"inLanguage":"fi"}]}},"_links":{"self":[{"href":"https:\/\/ronnynranta.fi\/index.php\/wp-json\/wp\/v2\/pages\/22","targetHints":{"allow":["GET"]}}],"collection":[{"href":"https:\/\/ronnynranta.fi\/index.php\/wp-json\/wp\/v2\/pages"}],"about":[{"href":"https:\/\/ronnynranta.fi\/index.php\/wp-json\/wp\/v2\/types\/page"}],"author":[{"embeddable":true,"href":"https:\/\/ronnynranta.fi\/index.php\/wp-json\/wp\/v2\/users\/1"}],"replies":[{"embeddable":true,"href":"https:\/\/ronnynranta.fi\/index.php\/wp-json\/wp\/v2\/comments?post=22"}],"version-history":[{"count":27,"href":"https:\/\/ronnynranta.fi\/index.php\/wp-json\/wp\/v2\/pages\/22\/revisions"}],"predecessor-version":[{"id":319,"href":"https:\/\/ronnynranta.fi\/index.php\/wp-json\/wp\/v2\/pages\/22\/revisions\/319"}],"wp:attachment":[{"href":"https:\/\/ronnynranta.fi\/index.php\/wp-json\/wp\/v2\/media?parent=22"}],"curies":[{"name":"wp","href":"https:\/\/api.w.org\/{rel}","templated":true}]}}